{"id":8,"date":"2010-02-12T07:45:37","date_gmt":"2010-02-12T07:45:37","guid":{"rendered":"http:\/\/www.wpress.abw-serwis.pl\/?page_id=8"},"modified":"2015-12-06T12:57:53","modified_gmt":"2015-12-06T11:57:53","slug":"klimatyzacja-2","status":"publish","type":"page","link":"http:\/\/www.abw-serwis.pl\/?page_id=8","title":{"rendered":"Klimatyzacje"},"content":{"rendered":"<p>W swojej ofercie posiadamy bardzo bogaty wyb\u00f3r urz\u0105dze\u0144 klimatyzacyjnych firm\u00a0<span class=\"pogr\"><span style=\"color: #ff0000;\"> <span style=\"color: #888888;\">FUJITSU, VIVAX, SUNICO,\u00a0ROTENSO.<span class=\"pogr\"><span style=\"color: #ff0000;\"><span style=\"color: #888888;\">\u00a0<\/span><\/span><\/span><\/span><\/span><\/span>Oferowane przez nas produkty posiadaj\u0105 certyfikaty oraz wymagane atesty higieniczne co\u00a0jest gwarancj\u0105 wysokiej jako\u015bci naszych produkt\u00f3w. Jeste\u015bmy w\u00a0stanie sprowadzi\u0107, zamontowa\u0107 i\u00a0serwisowa\u0107 ka\u017cde urz\u0105dzenie klimatyzacyjne.<\/p>\n<p><img loading=\"lazy\" decoding=\"async\" class=\"aligncenter size-full wp-image-436\" src=\"http:\/\/www.wpress.abw-serwis.pl\/wp-content\/uploads\/2010\/02\/klima1.jpg\" alt=\"\" width=\"461\" height=\"318\" srcset=\"http:\/\/www.abw-serwis.pl\/wp-content\/uploads\/2010\/02\/klima1.jpg 461w, http:\/\/www.abw-serwis.pl\/wp-content\/uploads\/2010\/02\/klima1-300x206.jpg 300w\" sizes=\"auto, (max-width: 461px) 100vw, 461px\" \/><\/p>\n<p>Podstawowym celem naszej firmy jest zaspokojenie potrzeb naszych Klient\u00f3w &#8211;\u00a0<span class=\"pogr\">doradztwo, sprzeda\u017c, monta\u017c i\u00a0serwis<\/span>. Instalacje wykonujemy zar\u00f3wno dla klient\u00f3w indywidualnych (klimatyzacje do domu) oraz dla firm (klimatyzacje do biur, sklep\u00f3w, hal, magazyn\u00f3w czy\u00a0serwerowni). Na dostarczane i\u00a0zamontowane przez nas klimatyzatory udzielamy gwarancji nawet <span class=\"pogr\">do\u00a05\u00a0lat<\/span>.<\/p>\n<p><img loading=\"lazy\" decoding=\"async\" class=\"aligncenter size-full wp-image-441\" src=\"http:\/\/www.wpress.abw-serwis.pl\/wp-content\/uploads\/2010\/02\/klima2.jpg\" alt=\"\" width=\"461\" height=\"335\" srcset=\"http:\/\/www.abw-serwis.pl\/wp-content\/uploads\/2010\/02\/klima2.jpg 461w, http:\/\/www.abw-serwis.pl\/wp-content\/uploads\/2010\/02\/klima2-300x218.jpg 300w\" sizes=\"auto, (max-width: 461px) 100vw, 461px\" \/><\/p>\n<p>Na witrynie internetowej <span class=\"pogr\"><a href=\"http:\/\/www.klimatyzacja.abw-serwis.pl\" target=\"popup\"><span style=\"color: #0000ff;\">www.klimatyzacja.abw-serwis.pl<\/span><\/a><\/span> znajdziecie Pa\u0144stwo wi\u0119cej informacji na temat zagadnie\u0144 zwi\u0105zanych z\u00a0klimatyzacj\u0105, oferowanych klimatyzator\u00f3w z\u00a0mo\u017cliwo\u015bci\u0105 pobrania katalog\u00f3w urz\u0105dze\u0144 klimatyzacyjnych, aktualnych promocji, dzia\u0142ania naszego serwisu oraz cennika us\u0142ug.<\/p>\n","protected":false},"excerpt":{"rendered":"<p>W swojej ofercie posiadamy bardzo bogaty wyb\u00f3r urz\u0105dze\u0144 klimatyzacyjnych firm\u00a0 FUJITSU, VIVAX, SUNICO,\u00a0ROTENSO.\u00a0Oferowane przez nas produkty posiadaj\u0105 certyfikaty oraz wymagane atesty higieniczne co\u00a0jest gwarancj\u0105 wysokiej jako\u015bci naszych produkt\u00f3w. Jeste\u015bmy w\u00a0stanie sprowadzi\u0107, zamontowa\u0107 i\u00a0serwisowa\u0107 ka\u017cde urz\u0105dzenie klimatyzacyjne. Podstawowym celem naszej firmy jest zaspokojenie potrzeb naszych Klient\u00f3w &#8211;\u00a0doradztwo, sprzeda\u017c, monta\u017c i\u00a0serwis. Instalacje wykonujemy zar\u00f3wno dla klient\u00f3w indywidualnych [&hellip;]<\/p>\n","protected":false},"author":2,"featured_media":0,"parent":0,"menu_order":11,"comment_status":"open","ping_status":"open","template":"","meta":{"footnotes":""},"class_list":["post-8","page","type-page","status-publish","hentry"],"_links":{"self":[{"href":"http:\/\/www.abw-serwis.pl\/index.php?rest_route=\/wp\/v2\/pages\/8","targetHints":{"allow":["GET"]}}],"collection":[{"href":"http:\/\/www.abw-serwis.pl\/index.php?rest_route=\/wp\/v2\/pages"}],"about":[{"href":"http:\/\/www.abw-serwis.pl\/index.php?rest_route=\/wp\/v2\/types\/page"}],"author":[{"embeddable":true,"href":"http:\/\/www.abw-serwis.pl\/index.php?rest_route=\/wp\/v2\/users\/2"}],"replies":[{"embeddable":true,"href":"http:\/\/www.abw-serwis.pl\/index.php?rest_route=%2Fwp%2Fv2%2Fcomments&post=8"}],"version-history":[{"count":42,"href":"http:\/\/www.abw-serwis.pl\/index.php?rest_route=\/wp\/v2\/pages\/8\/revisions"}],"predecessor-version":[{"id":668,"href":"http:\/\/www.abw-serwis.pl\/index.php?rest_route=\/wp\/v2\/pages\/8\/revisions\/668"}],"wp:attachment":[{"href":"http:\/\/www.abw-serwis.pl\/index.php?rest_route=%2Fwp%2Fv2%2Fmedia&parent=8"}],"curies":[{"name":"wp","href":"https:\/\/api.w.org\/{rel}","templated":true}]}}