{"id":51,"date":"2010-02-12T18:33:31","date_gmt":"2010-02-12T18:33:31","guid":{"rendered":"http:\/\/www.wpress.abw-serwis.pl\/?page_id=51"},"modified":"2015-12-06T13:23:53","modified_gmt":"2015-12-06T12:23:53","slug":"telewizja-przemyslowa-cctv","status":"publish","type":"page","link":"http:\/\/www.abw-serwis.pl\/?page_id=51","title":{"rendered":"Telewizja przemys\u0142owa CCTV"},"content":{"rendered":"<p>Oferujemy <span class=\"pogr\">profesjonalny monta\u017c kamer przemys\u0142owych<\/span> dla firm, instytucji, sklep\u00f3w, zak\u0142ad\u00f3w produkcyjnych, biur, magazyn\u00f3w, parking\u00f3w\u00a0oraz os\u00f3b fizycznych. Wyr\u00f3\u017cnia nas <span class=\"pogr\">du\u017ce do\u015bwiadczenie<\/span>, indywidualne podej\u015bcie do klienta, bezp\u0142atny kosztorys wraz z\u00a0dojazdem na terenie\u00a0Wroc\u0142awia\u00a0do klienta oraz <span class=\"pogr\">ca\u0142odobowa pomoc techniczna<\/span>.<\/p>\n<p>Wykorzystujemy urz\u0105dzenia firm:\u00a0<strong>AVC <\/strong><strong>BCS<\/strong><strong>\u00a0OPTIVA HIKVISION<\/strong><\/p>\n<p><img loading=\"lazy\" decoding=\"async\" class=\"aligncenter size-medium wp-image-177\" src=\"http:\/\/www.wpress.abw-serwis.pl\/wp-content\/uploads\/2010\/02\/cctv005-300x183.jpg\" alt=\"\" width=\"300\" height=\"183\" srcset=\"http:\/\/www.abw-serwis.pl\/wp-content\/uploads\/2010\/02\/cctv005-300x183.jpg 300w, http:\/\/www.abw-serwis.pl\/wp-content\/uploads\/2010\/02\/cctv005.jpg 709w\" sizes=\"auto, (max-width: 300px) 100vw, 300px\" \/><\/p>\n<h3>Naprawy i\u00a0konserwacje CCTV<\/h3>\n<p>Zajmujemy si\u0119 napraw\u0105 i\u00a0konserwacj\u0105 system\u00f3w monitoringu wizyjnego (CCTV). Nasz serwis techniczny jest do Pa\u0144stwa dyspozycji na terenie wojew\u00f3dztwa Dolnego\u015bl\u0105ska\u00a024\u00a0godziny na dob\u0119. Wieloletnie do\u015bwiadczenie w\u00a0bran\u017cy CCTV oraz <span class=\"pogr\">doskonale wyszkolona kadra technik\u00f3w<\/span> przek\u0142ada si\u0119 na najwy\u017csz\u0105 jako\u015b\u0107 \u015bwiadczonych przez nas us\u0142ug. Je\u015bli Tw\u00f3j system nie jest skuteczny, masz problemy z\u00a0kamerami, zapis obrazu jest niewyra\u017any a\u00a0obs\u0142uga systemu sprawia du\u017ce problemu, nie czekaj zadzwo\u0144 do nas a\u00a0na pewno Ci pomo\u017cemy. W\u00a0ramach naszych us\u0142ug oferujemy bezp\u0142atn\u0105 analiz\u0119 i\u00a0naprawy Twojego systemu wizyjnego na terenie Dolnego \u015al\u0105ska. Doradzimy Ci tak\u017ce co nale\u017cy zrobi\u0107 \u017ceby poprawi\u0107 jako\u015b\u0107 i\u00a0upro\u015bci\u0107 obs\u0142ug\u0119.<\/p>\n<p><img loading=\"lazy\" decoding=\"async\" class=\"aligncenter size-full wp-image-480\" src=\"http:\/\/www.wpress.abw-serwis.pl\/wp-content\/uploads\/2010\/02\/monitoring1.jpg\" alt=\"\" width=\"300\" height=\"231\" \/><\/p>\n<p>Dzi\u0119ki okresowym konserwacjom sprz\u0119tu masz pewno\u015b\u0107, \u017ce Twoja instalacja CCTV b\u0119dzie niezawodna, i\u00a0co wa\u017cniejsze zawsze b\u0119dzie dzia\u0142a\u0107 na najwy\u017cszym poziomie. W\u00a0skrajnych przypadkach oferujemy wymian\u0119 sprz\u0119tu na nowy, kt\u00f3ry b\u0119dzie spe\u0142nia\u0142 wszystkie Twoje oczekiwania.\u00a0Naszym mottem przewodnim jest <span class=\"pogr\">najwy\u017csza jako\u015b\u0107 us\u0142ug<\/span>, dlatego Tw\u00f3j system monitoringu wizyjnego pod nasz\u0105 opiek\u0105 to najlepszy wyb\u00f3r daj\u0105cy Ci gwarancj\u0119 niezawodno\u015bci, skuteczno\u015bci i\u00a024 godzinnej pomocy technicznej przez najlepszych specjalist\u00f3w w\u00a0naszym kraju.<\/p>\n<p><img loading=\"lazy\" decoding=\"async\" class=\"aligncenter size-medium wp-image-176\" src=\"http:\/\/www.wpress.abw-serwis.pl\/wp-content\/uploads\/2010\/02\/cctv003-300x141.jpg\" alt=\"\" width=\"300\" height=\"141\" srcset=\"http:\/\/www.abw-serwis.pl\/wp-content\/uploads\/2010\/02\/cctv003-300x141.jpg 300w, http:\/\/www.abw-serwis.pl\/wp-content\/uploads\/2010\/02\/cctv003.jpg 709w\" sizes=\"auto, (max-width: 300px) 100vw, 300px\" \/><\/p>\n<h3>W ramach naszych us\u0142ug oferujemy Pa\u0144stwu:<\/h3>\n<p>\u2022 kompleksow\u0105 napraw\u0119 system\u00f3w monitoringu wizyjnego,<\/p>\n<p>\u2022 napraw\u0119 gwarancyjna i\u00a0pogwarancyjna urz\u0105dze\u0144 dozorowych,<\/p>\n<p>\u2022 bezp\u0142atn\u0105 analiz\u0119 i\u00a0wycen\u0119 naprawy,<\/p>\n<p>\u2022 okresow\u0105 konserwacj\u0119 system\u00f3w CCTV,<\/p>\n<p>\u2022 24 godzinn\u0105 pomoc techniczn\u0105 przez do\u015bwiadczony zesp\u00f3\u0142 technik\u00f3w.<\/p>\n","protected":false},"excerpt":{"rendered":"<p>Oferujemy profesjonalny monta\u017c kamer przemys\u0142owych dla firm, instytucji, sklep\u00f3w, zak\u0142ad\u00f3w produkcyjnych, biur, magazyn\u00f3w, parking\u00f3w\u00a0oraz os\u00f3b fizycznych. Wyr\u00f3\u017cnia nas du\u017ce do\u015bwiadczenie, indywidualne podej\u015bcie do klienta, bezp\u0142atny kosztorys wraz z\u00a0dojazdem na terenie\u00a0Wroc\u0142awia\u00a0do klienta oraz ca\u0142odobowa pomoc techniczna. Wykorzystujemy urz\u0105dzenia firm:\u00a0AVC BCS\u00a0OPTIVA HIKVISION Naprawy i\u00a0konserwacje CCTV Zajmujemy si\u0119 napraw\u0105 i\u00a0konserwacj\u0105 system\u00f3w monitoringu wizyjnego (CCTV). Nasz serwis techniczny jest [&hellip;]<\/p>\n","protected":false},"author":2,"featured_media":0,"parent":0,"menu_order":18,"comment_status":"open","ping_status":"open","template":"","meta":{"footnotes":""},"class_list":["post-51","page","type-page","status-publish","hentry"],"_links":{"self":[{"href":"http:\/\/www.abw-serwis.pl\/index.php?rest_route=\/wp\/v2\/pages\/51","targetHints":{"allow":["GET"]}}],"collection":[{"href":"http:\/\/www.abw-serwis.pl\/index.php?rest_route=\/wp\/v2\/pages"}],"about":[{"href":"http:\/\/www.abw-serwis.pl\/index.php?rest_route=\/wp\/v2\/types\/page"}],"author":[{"embeddable":true,"href":"http:\/\/www.abw-serwis.pl\/index.php?rest_route=\/wp\/v2\/users\/2"}],"replies":[{"embeddable":true,"href":"http:\/\/www.abw-serwis.pl\/index.php?rest_route=%2Fwp%2Fv2%2Fcomments&post=51"}],"version-history":[{"count":33,"href":"http:\/\/www.abw-serwis.pl\/index.php?rest_route=\/wp\/v2\/pages\/51\/revisions"}],"predecessor-version":[{"id":675,"href":"http:\/\/www.abw-serwis.pl\/index.php?rest_route=\/wp\/v2\/pages\/51\/revisions\/675"}],"wp:attachment":[{"href":"http:\/\/www.abw-serwis.pl\/index.php?rest_route=%2Fwp%2Fv2%2Fmedia&parent=51"}],"curies":[{"name":"wp","href":"https:\/\/api.w.org\/{rel}","templated":true}]}}