{"id":4,"date":"2010-02-12T07:44:24","date_gmt":"2010-02-12T07:44:24","guid":{"rendered":"http:\/\/www.wpress.abw-serwis.pl\/?page_id=4"},"modified":"2011-09-26T20:24:09","modified_gmt":"2011-09-26T19:24:09","slug":"klimatyzacja","status":"publish","type":"page","link":"http:\/\/www.abw-serwis.pl\/?page_id=4","title":{"rendered":"Szlabany, bramy na pilota"},"content":{"rendered":"<p>Nasza oferta obejmuje <span class=\"pogr\">szeroki asortyment nap\u0119d\u00f3w do bram, szlaban\u00f3w, akcesori\u00f3w zabezpieczaj\u0105cych<\/span>.\u00a0Dbamy, aby oferowany przez nas towar by\u0142 najwy\u017cszej jako\u015bci i\u00a0spe\u0142nia\u0142 wysokie wymagania Klient\u00f3w. Wyroby posiadaj\u0105 niezb\u0119dne \u015bwiadectwa stwierdzaj\u0105ce spe\u0142nienie polskich norm w\u00a0zakresie ich dopuszczania do stosowania w\u00a0budownictwie.<\/p>\n<p>Dysponujemy <span class=\"pogr\">wykwalifikowanym personelem monta\u017cowym i\u00a0specjalistycznym serwisem<\/span>.Jeste\u015bmy przedstawicielem \u00a0firm: <span style=\"color: #000000;\"><strong>NICE<\/strong>, <strong><span class=\"pogr\">DITEC <\/span><\/strong><\/span>oraz <span style=\"color: #0000ff;\"><strong><span class=\"pogr\" style=\"color: #000000;\">CAME<\/span><\/strong>.<\/span> Zajmujemy si\u0119 sprzeda\u017c\u0105 i monta\u017cem oraz serwisem gwarancyjnym i pogwarancyjnym produkt\u00f3w tych firm na terenie Dolnego \u015al\u0105ska.<\/p>\n<h3>\u2022 szlabany<\/h3>\n<p>Szlabany automatyczne do obiekt\u00f3w handlowych, przemys\u0142owych oraz na osiedla mieszkaniowe i\u00a0parkingi. Charakteryzuj\u0105 si\u0119 innowacyjnym wygl\u0105dem. Wszystkie szlabany maj\u0105 \u0142atwe odblokowanie kluczykowe oraz funkcj\u0119 natychmiastowego zamkni\u0119cia. <span class=\"pogr\">Szeroka gama akcesori\u00f3w<\/span> pozwala na przystosowanie urz\u0105dzenia do wymaga\u0144 klienta oraz warunk\u00f3w u\u017cytkowania.<\/p>\n<p><a href=\"http:\/\/www.napedy.abw-serwis.pl\/?page_id=37\" target=\"_blank\"><img loading=\"lazy\" decoding=\"async\" class=\"aligncenter size-full wp-image-529\" src=\"http:\/\/www.wpress.abw-serwis.pl\/wp-content\/uploads\/2010\/02\/szlaban1.jpg\" alt=\"\" width=\"350\" height=\"288\" srcset=\"http:\/\/www.abw-serwis.pl\/wp-content\/uploads\/2010\/02\/szlaban1.jpg 350w, http:\/\/www.abw-serwis.pl\/wp-content\/uploads\/2010\/02\/szlaban1-300x246.jpg 300w\" sizes=\"auto, (max-width: 350px) 100vw, 350px\" \/><\/a><\/p>\n<p><a href=\"http:\/\/www.napedy.abw-serwis.pl\/?page_id=37\" target=\"_blank\"><img loading=\"lazy\" decoding=\"async\" class=\"aligncenter size-full wp-image-530\" src=\"http:\/\/www.wpress.abw-serwis.pl\/wp-content\/uploads\/2010\/02\/szlaban2.jpg\" alt=\"\" width=\"350\" height=\"283\" srcset=\"http:\/\/www.abw-serwis.pl\/wp-content\/uploads\/2010\/02\/szlaban2.jpg 350w, http:\/\/www.abw-serwis.pl\/wp-content\/uploads\/2010\/02\/szlaban2-300x242.jpg 300w\" sizes=\"auto, (max-width: 350px) 100vw, 350px\" \/><\/a><\/p>\n<h3>\u2022 automatyka do bram przesuwnych<\/h3>\n<p>Bramy przesuwne cz\u0119sto wymagaj\u0105 zastosowania r\u00f3\u017cnego rodzaju automatyki. <span class=\"pogr\">Szeroka gama produkt\u00f3w<\/span> oferowanych przez nasz\u0105 firm\u0119 pozwala na dob\u00f3r odpowiedniego automatu w\u00a0zale\u017cno\u015bci od wielko\u015bci, rodzaju i\u00a0ci\u0119\u017caru bramy, cz\u0119stotliwo\u015bci otwierania oraz jej przeznaczenia.<\/p>\n<p><a href=\"http:\/\/www.napedy.abw-serwis.pl\/?page_id=33\" target=\"_blank\"><img loading=\"lazy\" decoding=\"async\" class=\"aligncenter size-full wp-image-533\" src=\"http:\/\/www.wpress.abw-serwis.pl\/wp-content\/uploads\/2010\/02\/szlaban3.jpg\" alt=\"\" width=\"350\" height=\"379\" srcset=\"http:\/\/www.abw-serwis.pl\/wp-content\/uploads\/2010\/02\/szlaban3.jpg 350w, http:\/\/www.abw-serwis.pl\/wp-content\/uploads\/2010\/02\/szlaban3-277x300.jpg 277w\" sizes=\"auto, (max-width: 350px) 100vw, 350px\" \/><\/a><\/p>\n<p><a href=\"http:\/\/www.napedy.abw-serwis.pl\/?page_id=33\" target=\"_blank\"><img loading=\"lazy\" decoding=\"async\" class=\"aligncenter size-full wp-image-534\" src=\"http:\/\/www.wpress.abw-serwis.pl\/wp-content\/uploads\/2010\/02\/szlaban4.jpg\" alt=\"\" width=\"350\" height=\"231\" srcset=\"http:\/\/www.abw-serwis.pl\/wp-content\/uploads\/2010\/02\/szlaban4.jpg 350w, http:\/\/www.abw-serwis.pl\/wp-content\/uploads\/2010\/02\/szlaban4-300x198.jpg 300w\" sizes=\"auto, (max-width: 350px) 100vw, 350px\" \/><\/a><\/p>\n<h3>\u2022 automatyka do bram skrzyd\u0142owych<\/h3>\n<p>Decyduj\u0105c si\u0119 na tradycj\u0105 bram\u0119 skrzyd\u0142ow\u0105 nie musimy rezygnowa\u0107 z\u00a0wygody jak\u0105 daje automatyka. Nasz firma oferuje szerok\u0105 gam\u0119 automat\u00f3w <span class=\"pogr\">\u0142atwych w\u00a0instalacji na ka\u017cdym typie bram<\/span>, nawet o\u00a0du\u017cych rozmiarach.<\/p>\n<p><a href=\"http:\/\/www.napedy.abw-serwis.pl\/?page_id=35\" target=\"_blank\"><img loading=\"lazy\" decoding=\"async\" class=\"aligncenter size-full wp-image-536\" src=\"http:\/\/www.wpress.abw-serwis.pl\/wp-content\/uploads\/2010\/02\/szlaban5.jpg\" alt=\"\" width=\"350\" height=\"247\" srcset=\"http:\/\/www.abw-serwis.pl\/wp-content\/uploads\/2010\/02\/szlaban5.jpg 350w, http:\/\/www.abw-serwis.pl\/wp-content\/uploads\/2010\/02\/szlaban5-300x211.jpg 300w\" sizes=\"auto, (max-width: 350px) 100vw, 350px\" \/><\/a><\/p>\n<p><a href=\"http:\/\/www.napedy.abw-serwis.pl\/?page_id=35\" target=\"_blank\"><img loading=\"lazy\" decoding=\"async\" class=\"aligncenter size-full wp-image-538\" src=\"http:\/\/www.wpress.abw-serwis.pl\/wp-content\/uploads\/2010\/02\/szlaban6.jpg\" alt=\"\" width=\"350\" height=\"263\" srcset=\"http:\/\/www.abw-serwis.pl\/wp-content\/uploads\/2010\/02\/szlaban6.jpg 350w, http:\/\/www.abw-serwis.pl\/wp-content\/uploads\/2010\/02\/szlaban6-300x225.jpg 300w\" sizes=\"auto, (max-width: 350px) 100vw, 350px\" \/><\/a><\/p>\n<h3>\u2022 bariery parkingowe r\u0119czne oraz samoblokuj\u0105ce<\/h3>\n<p>Automatyczna zapora parkingowa w\u00a0wygodny spos\u00f3b, przy u\u017cyciu pilota, szybko odblokowuje i\u00a0zablokowuje pojedyncze miejsce parkingowe. R\u0119czne blokady parkingowe wyst\u0119puj\u0105 w\u00a0wielu modelach. Wszystkie s\u0105 <span class=\"pogr\">atrakcyjne cenowo<\/span> i\u00a0r\u00f3\u017cni\u0105 si\u0119 od siebie konstrukcj\u0105. Lepsze wersje zamykane s\u0105 na zamek patentowy.<\/p>\n<p><img loading=\"lazy\" decoding=\"async\" class=\"aligncenter size-full wp-image-540\" src=\"http:\/\/www.wpress.abw-serwis.pl\/wp-content\/uploads\/2010\/02\/szlaban7.jpg\" alt=\"\" width=\"350\" height=\"300\" srcset=\"http:\/\/www.abw-serwis.pl\/wp-content\/uploads\/2010\/02\/szlaban7.jpg 350w, http:\/\/www.abw-serwis.pl\/wp-content\/uploads\/2010\/02\/szlaban7-300x257.jpg 300w\" sizes=\"auto, (max-width: 350px) 100vw, 350px\" \/><\/p>\n<p><img loading=\"lazy\" decoding=\"async\" class=\"aligncenter size-full wp-image-541\" src=\"http:\/\/www.wpress.abw-serwis.pl\/wp-content\/uploads\/2010\/02\/szlaban8.jpg\" alt=\"\" width=\"350\" height=\"272\" srcset=\"http:\/\/www.abw-serwis.pl\/wp-content\/uploads\/2010\/02\/szlaban8.jpg 350w, http:\/\/www.abw-serwis.pl\/wp-content\/uploads\/2010\/02\/szlaban8-300x233.jpg 300w\" sizes=\"auto, (max-width: 350px) 100vw, 350px\" \/><\/p>\n<h3>\u2022 automatyka bram gara\u017cowych<\/h3>\n<p>Automaty do bram gara\u017cowych to nie tylko wygoda, ale i\u00a0bezpiecze\u0144stwo, wa\u017cne szczeg\u00f3lnie w\u00a0z\u0142ych warunkach pogodowych oraz w\u00a0nocy. Zwi\u0119ksza je o\u015bwietlenie gara\u017cu w\u0142\u0105czane w\u00a0momencie uruchomienia bramy. Oferowane przez nasz\u0105 firm\u0119 zestawy <span class=\"pogr\">przeznaczone s\u0105 zar\u00f3wno do bram segmentowych, jak i\u00a0p\u0142atowych<\/span>, wszystkie wyposa\u017cone s\u0105 w\u00a0sterowanie radiowe.<\/p>\n<p><a href=\"http:\/\/www.napedy.abw-serwis.pl\/?page_id=31\" target=\"_blank\"><img loading=\"lazy\" decoding=\"async\" class=\"aligncenter size-full wp-image-543\" src=\"http:\/\/www.wpress.abw-serwis.pl\/wp-content\/uploads\/2010\/02\/szlaban9.jpg\" alt=\"\" width=\"350\" height=\"247\" srcset=\"http:\/\/www.abw-serwis.pl\/wp-content\/uploads\/2010\/02\/szlaban9.jpg 350w, http:\/\/www.abw-serwis.pl\/wp-content\/uploads\/2010\/02\/szlaban9-300x211.jpg 300w\" sizes=\"auto, (max-width: 350px) 100vw, 350px\" \/><\/a><\/p>\n<p><a href=\"http:\/\/www.napedy.abw-serwis.pl\/?page_id=31\" target=\"_blank\"><img loading=\"lazy\" decoding=\"async\" class=\"aligncenter size-full wp-image-544\" src=\"http:\/\/www.wpress.abw-serwis.pl\/wp-content\/uploads\/2010\/02\/szlaban10.jpg\" alt=\"\" width=\"350\" height=\"266\" srcset=\"http:\/\/www.abw-serwis.pl\/wp-content\/uploads\/2010\/02\/szlaban10.jpg 350w, http:\/\/www.abw-serwis.pl\/wp-content\/uploads\/2010\/02\/szlaban10-300x228.jpg 300w\" sizes=\"auto, (max-width: 350px) 100vw, 350px\" \/><\/a><\/p>\n<p>Na witrynie internetowej\u00a0 <strong><span style=\"color: #ff0000;\"><a href=\"http:\/\/www.napedy.abw-serwis.pl\" target=\"_blank\"><span style=\"color: #0000ff;\">www.napedy.abw-serwis.pl<\/span><\/a><\/span><\/strong> znajdziecie Pa\u0144stwo wi\u0119cej informacji na temat oferowanych produkt\u00f3w\u00a0z\u00a0mo\u017cliwo\u015bci\u0105 pobrania katalog\u00f3w urz\u0105dze\u0144 oraz cennika.<\/p>\n","protected":false},"excerpt":{"rendered":"<p>Nasza oferta obejmuje szeroki asortyment nap\u0119d\u00f3w do bram, szlaban\u00f3w, akcesori\u00f3w zabezpieczaj\u0105cych.\u00a0Dbamy, aby oferowany przez nas towar by\u0142 najwy\u017cszej jako\u015bci i\u00a0spe\u0142nia\u0142 wysokie wymagania Klient\u00f3w. Wyroby posiadaj\u0105 niezb\u0119dne \u015bwiadectwa stwierdzaj\u0105ce spe\u0142nienie polskich norm w\u00a0zakresie ich dopuszczania do stosowania w\u00a0budownictwie. Dysponujemy wykwalifikowanym personelem monta\u017cowym i\u00a0specjalistycznym serwisem.Jeste\u015bmy przedstawicielem \u00a0firm: NICE, DITEC oraz CAME. Zajmujemy si\u0119 sprzeda\u017c\u0105 i monta\u017cem oraz [&hellip;]<\/p>\n","protected":false},"author":2,"featured_media":0,"parent":0,"menu_order":12,"comment_status":"open","ping_status":"open","template":"","meta":{"footnotes":""},"class_list":["post-4","page","type-page","status-publish","hentry"],"_links":{"self":[{"href":"http:\/\/www.abw-serwis.pl\/index.php?rest_route=\/wp\/v2\/pages\/4","targetHints":{"allow":["GET"]}}],"collection":[{"href":"http:\/\/www.abw-serwis.pl\/index.php?rest_route=\/wp\/v2\/pages"}],"about":[{"href":"http:\/\/www.abw-serwis.pl\/index.php?rest_route=\/wp\/v2\/types\/page"}],"author":[{"embeddable":true,"href":"http:\/\/www.abw-serwis.pl\/index.php?rest_route=\/wp\/v2\/users\/2"}],"replies":[{"embeddable":true,"href":"http:\/\/www.abw-serwis.pl\/index.php?rest_route=%2Fwp%2Fv2%2Fcomments&post=4"}],"version-history":[{"count":93,"href":"http:\/\/www.abw-serwis.pl\/index.php?rest_route=\/wp\/v2\/pages\/4\/revisions"}],"predecessor-version":[{"id":12,"href":"http:\/\/www.abw-serwis.pl\/index.php?rest_route=\/wp\/v2\/pages\/4\/revisions\/12"}],"wp:attachment":[{"href":"http:\/\/www.abw-serwis.pl\/index.php?rest_route=%2Fwp%2Fv2%2Fmedia&parent=4"}],"curies":[{"name":"wp","href":"https:\/\/api.w.org\/{rel}","templated":true}]}}