{"id":36,"date":"2010-02-12T08:17:40","date_gmt":"2010-02-12T08:17:40","guid":{"rendered":"http:\/\/www.wpress.abw-serwis.pl\/?page_id=36"},"modified":"2010-03-06T17:57:41","modified_gmt":"2010-03-06T17:57:41","slug":"uslugi-montazowe","status":"publish","type":"page","link":"http:\/\/www.abw-serwis.pl\/?page_id=36","title":{"rendered":"Us\u0142ugi monta\u017cowe"},"content":{"rendered":"<p>Nasza firma \u015bwiadczy <span class=\"pogr\">profesjonalne us\u0142ugi instalacyjne<\/span>. Posiadamy <span class=\"pogr\">wyszkolonych i\u00a0do\u015bwiadczonych pracownik\u00f3w<\/span> dla kt\u00f3rych \u017caden monta\u017c nie stanowi problemu. <span class=\"pogr\">Kilkuletnie do\u015bwiadczenie<\/span> pozwala nam oferowa\u0107 najwy\u017csz\u0105 jako\u015b\u0107 us\u0142ug po bardzo atrakcyjnych cenach.<\/p>\n<p><img loading=\"lazy\" decoding=\"async\" class=\"aligncenter size-full wp-image-502\" src=\"http:\/\/www.wpress.abw-serwis.pl\/wp-content\/uploads\/2010\/02\/serwis.jpg\" alt=\"\" width=\"400\" height=\"300\" srcset=\"http:\/\/www.abw-serwis.pl\/wp-content\/uploads\/2010\/02\/serwis.jpg 400w, http:\/\/www.abw-serwis.pl\/wp-content\/uploads\/2010\/02\/serwis-300x225.jpg 300w\" sizes=\"auto, (max-width: 400px) 100vw, 400px\" \/><\/p>\n<p>Podstawowym zadaniem naszej firmy ABW\u00a0Serwis jest wykonywanie i\u00a0uszcz\u0119\u015bliwianie naszych zleceniodawc\u00f3w. <span class=\"pogr\">Spe\u0142niamy marzenia<\/span>, kt\u00f3re s\u0105 na wyci\u0105gni\u0119cie reki. Nale\u017cy tylko zg\u0142osi\u0107 si\u0119 do nas i\u00a0porozmawia\u0107 z\u00a0naszymi doradcami o\u00a0problemie, a\u00a0wykonanie us\u0142ugi naprawd\u0119 stanie si\u0119 b\u0142ahostk\u0105. Jeste\u015bmy Firm\u0105, \u00a0kt\u00f3ra jest\u00a0wstanie wyceni\u0107 zlecenie bardziej konkurencyjne\u00a0od innych firm na rynku. \u017badne zlecenie nie jest traktowane lepiej lub gorzej, a\u00a0zapewnia to bardzo du\u017ce do\u015bwiadczenie pracownik\u00f3w naszej Firmy. <span class=\"pogr\">Zapraszamy serdecznie do wsp\u00f3\u0142pracy z\u00a0nasza Firm\u0105<\/span>.<\/p>\n<p style=\"text-align: right;\">Pozdrawiam<\/p>\n<p style=\"text-align: right;\">Joanna B\u0105czyk<\/p>\n","protected":false},"excerpt":{"rendered":"<p>Nasza firma \u015bwiadczy profesjonalne us\u0142ugi instalacyjne. Posiadamy wyszkolonych i\u00a0do\u015bwiadczonych pracownik\u00f3w dla kt\u00f3rych \u017caden monta\u017c nie stanowi problemu. Kilkuletnie do\u015bwiadczenie pozwala nam oferowa\u0107 najwy\u017csz\u0105 jako\u015b\u0107 us\u0142ug po bardzo atrakcyjnych cenach. Podstawowym zadaniem naszej firmy ABW\u00a0Serwis jest wykonywanie i\u00a0uszcz\u0119\u015bliwianie naszych zleceniodawc\u00f3w. Spe\u0142niamy marzenia, kt\u00f3re s\u0105 na wyci\u0105gni\u0119cie reki. Nale\u017cy tylko zg\u0142osi\u0107 si\u0119 do nas i\u00a0porozmawia\u0107 z\u00a0naszymi doradcami [&hellip;]<\/p>\n","protected":false},"author":2,"featured_media":0,"parent":0,"menu_order":2,"comment_status":"open","ping_status":"open","template":"","meta":{"footnotes":""},"class_list":["post-36","page","type-page","status-publish","hentry"],"_links":{"self":[{"href":"http:\/\/www.abw-serwis.pl\/index.php?rest_route=\/wp\/v2\/pages\/36","targetHints":{"allow":["GET"]}}],"collection":[{"href":"http:\/\/www.abw-serwis.pl\/index.php?rest_route=\/wp\/v2\/pages"}],"about":[{"href":"http:\/\/www.abw-serwis.pl\/index.php?rest_route=\/wp\/v2\/types\/page"}],"author":[{"embeddable":true,"href":"http:\/\/www.abw-serwis.pl\/index.php?rest_route=\/wp\/v2\/users\/2"}],"replies":[{"embeddable":true,"href":"http:\/\/www.abw-serwis.pl\/index.php?rest_route=%2Fwp%2Fv2%2Fcomments&post=36"}],"version-history":[{"count":25,"href":"http:\/\/www.abw-serwis.pl\/index.php?rest_route=\/wp\/v2\/pages\/36\/revisions"}],"predecessor-version":[{"id":99,"href":"http:\/\/www.abw-serwis.pl\/index.php?rest_route=\/wp\/v2\/pages\/36\/revisions\/99"}],"wp:attachment":[{"href":"http:\/\/www.abw-serwis.pl\/index.php?rest_route=%2Fwp%2Fv2%2Fmedia&parent=36"}],"curies":[{"name":"wp","href":"https:\/\/api.w.org\/{rel}","templated":true}]}}