{"id":25,"date":"2010-02-12T08:14:27","date_gmt":"2010-02-12T08:14:27","guid":{"rendered":"http:\/\/www.wpress.abw-serwis.pl\/?page_id=25"},"modified":"2010-10-22T21:45:16","modified_gmt":"2010-10-22T20:45:16","slug":"systemy-alarmowe","status":"publish","type":"page","link":"http:\/\/www.abw-serwis.pl\/?page_id=25","title":{"rendered":"Systemy alarmowe"},"content":{"rendered":"<p>Projektujemy i&nbsp;instalujemy <span  class=\"pogr\">profesjonalne systemy alarmowe oparte<\/span> na urz\u0105dzeniach najlepszych firm w&nbsp;zakresie zabezpiecze\u0144. Mamy dost\u0119p do najnowszych rozwi\u0105za\u0144 technologicznych co gwarantuje <span  class=\"pogr\">100%&nbsp;skuteczno\u015b\u0107<\/span>.<\/p>\n<p><img loading=\"lazy\" decoding=\"async\" src=\"http:\/\/www.wpress.abw-serwis.pl\/wp-content\/uploads\/2010\/02\/satel21.jpg\" alt=\"\" title=\"\" width=\"400\" height=\"269\" class=\"aligncenter size-full wp-image-489\" srcset=\"http:\/\/www.abw-serwis.pl\/wp-content\/uploads\/2010\/02\/satel21.jpg 400w, http:\/\/www.abw-serwis.pl\/wp-content\/uploads\/2010\/02\/satel21-300x201.jpg 300w\" sizes=\"auto, (max-width: 400px) 100vw, 400px\" \/><\/p>\n<p>Z punktu widzenia kilkuletnich do\u015bwiadcze\u0144 obecnie bazujemy g\u0142\u00f3wnie na produktach <span  class=\"pogr\">rodzimej firmy &#8222;SATEL&#8221;<\/span>, kt\u00f3rej wyroby charakteryzuj\u0105 si\u0119 wysok\u0105 niezawodno\u015bci\u0105, estetyk\u0105 wykonania, \u0142atwo\u015bci\u0105 w&nbsp;obs\u0142udze a&nbsp;przede wszystkim du\u017c\u0105 funkcjonalno\u015bci\u0105.<\/p>\n<p><img loading=\"lazy\" decoding=\"async\" src=\"http:\/\/www.wpress.abw-serwis.pl\/wp-content\/uploads\/2010\/02\/satel3.jpg\" alt=\"\" title=\"\" width=\"400\" height=\"185\" class=\"aligncenter size-full wp-image-490\" srcset=\"http:\/\/www.abw-serwis.pl\/wp-content\/uploads\/2010\/02\/satel3.jpg 400w, http:\/\/www.abw-serwis.pl\/wp-content\/uploads\/2010\/02\/satel3-300x138.jpg 300w\" sizes=\"auto, (max-width: 400px) 100vw, 400px\" \/><\/p>\n<p>Obecnie coraz wi\u0119kszym zainteresowaniem ciesz\u0105 si\u0119 <span  class=\"pogr\">systemy bezprzewodowe<\/span>, kt\u00f3re instalujemy w&nbsp;sytuacji gdzie nie ma mo\u017cliwo\u015bci u\u0142o\u017cenia okablowania lub gdy chcemy sterowa\u0107 r\u00f3\u017cnymi urz\u0105dzeniami, np.&nbsp;o\u015bwietleniem, ogrzewaniem, roletami,&nbsp;itp. W&nbsp;ofercie posiadamy systemy bezprzewodowe firmy Satel.<\/p>\n<p><img loading=\"lazy\" decoding=\"async\" src=\"http:\/\/www.wpress.abw-serwis.pl\/wp-content\/uploads\/2010\/02\/satel1.jpg\" alt=\"\" title=\"\" width=\"400\" height=\"322\" class=\"aligncenter size-full wp-image-491\" srcset=\"http:\/\/www.abw-serwis.pl\/wp-content\/uploads\/2010\/02\/satel1.jpg 400w, http:\/\/www.abw-serwis.pl\/wp-content\/uploads\/2010\/02\/satel1-300x241.jpg 300w\" sizes=\"auto, (max-width: 400px) 100vw, 400px\" \/><\/p>\n<p>Wsp\u00f3\u0142pracujemy z agencjami ochrony\u00a0<span  class=\"pogr\">Solid<\/span> w&nbsp;zakresie pod\u0142\u0105czania obiekt\u00f3w do ca\u0142odobowego monitoringu.<\/p>\n","protected":false},"excerpt":{"rendered":"<p>Projektujemy i&nbsp;instalujemy profesjonalne systemy alarmowe oparte na urz\u0105dzeniach najlepszych firm w&nbsp;zakresie zabezpiecze\u0144. Mamy dost\u0119p do najnowszych rozwi\u0105za\u0144 technologicznych co gwarantuje 100%&nbsp;skuteczno\u015b\u0107. Z punktu widzenia kilkuletnich do\u015bwiadcze\u0144 obecnie bazujemy g\u0142\u00f3wnie na produktach rodzimej firmy &#8222;SATEL&#8221;, kt\u00f3rej wyroby charakteryzuj\u0105 si\u0119 wysok\u0105 niezawodno\u015bci\u0105, estetyk\u0105 wykonania, \u0142atwo\u015bci\u0105 w&nbsp;obs\u0142udze a&nbsp;przede wszystkim du\u017c\u0105 funkcjonalno\u015bci\u0105. Obecnie coraz wi\u0119kszym zainteresowaniem ciesz\u0105 si\u0119 systemy [&hellip;]<\/p>\n","protected":false},"author":2,"featured_media":0,"parent":0,"menu_order":17,"comment_status":"closed","ping_status":"closed","template":"","meta":{"footnotes":""},"class_list":["post-25","page","type-page","status-publish","hentry"],"_links":{"self":[{"href":"http:\/\/www.abw-serwis.pl\/index.php?rest_route=\/wp\/v2\/pages\/25","targetHints":{"allow":["GET"]}}],"collection":[{"href":"http:\/\/www.abw-serwis.pl\/index.php?rest_route=\/wp\/v2\/pages"}],"about":[{"href":"http:\/\/www.abw-serwis.pl\/index.php?rest_route=\/wp\/v2\/types\/page"}],"author":[{"embeddable":true,"href":"http:\/\/www.abw-serwis.pl\/index.php?rest_route=\/wp\/v2\/users\/2"}],"replies":[{"embeddable":true,"href":"http:\/\/www.abw-serwis.pl\/index.php?rest_route=%2Fwp%2Fv2%2Fcomments&post=25"}],"version-history":[{"count":11,"href":"http:\/\/www.abw-serwis.pl\/index.php?rest_route=\/wp\/v2\/pages\/25\/revisions"}],"predecessor-version":[{"id":578,"href":"http:\/\/www.abw-serwis.pl\/index.php?rest_route=\/wp\/v2\/pages\/25\/revisions\/578"}],"wp:attachment":[{"href":"http:\/\/www.abw-serwis.pl\/index.php?rest_route=%2Fwp%2Fv2%2Fmedia&parent=25"}],"curies":[{"name":"wp","href":"https:\/\/api.w.org\/{rel}","templated":true}]}}