{"id":23,"date":"2010-02-12T08:13:58","date_gmt":"2010-02-12T08:13:58","guid":{"rendered":"http:\/\/www.wpress.abw-serwis.pl\/?page_id=23"},"modified":"2010-03-02T23:52:29","modified_gmt":"2010-03-02T23:52:29","slug":"kontrola-dostepu-i-pracy","status":"publish","type":"page","link":"http:\/\/www.abw-serwis.pl\/?page_id=23","title":{"rendered":"Kontrola dost\u0119pu i pracy"},"content":{"rendered":"<p><span  class=\"pogr\">Projektujemy i&nbsp;instalujemy<\/span> systemy kontroli dost\u0119pu oraz systemy kontroli czasu pracy pracownik\u00f3w. Nasze us\u0142ugi kierujemy g\u0142\u00f3wnie do firm i&nbsp;instytucji, gdzie wymagana jest skuteczna kontrola pracownik\u00f3w oraz os\u00f3b przebywaj\u0105cych w&nbsp;budynku.<\/p>\n<p><img loading=\"lazy\" decoding=\"async\" src=\"http:\/\/www.wpress.abw-serwis.pl\/wp-content\/uploads\/2010\/02\/k_czytniki1.jpg\" alt=\"\" title=\"\" width=\"219\" height=\"100\" class=\"aligncenter size-full wp-image-189\" \/><\/p>\n<p>Podstawowy system <span  class=\"pogr\">KD (kontroli dost\u0119pu)<\/span> pozwalaj\u0105cy kontrolowa\u0107 jedno przej\u015bcie, sk\u0142ada si\u0119 z&nbsp;urz\u0105dzenia przyznaj\u0105cego lub odmawiaj\u0105cego dost\u0119p (np.&nbsp;czytnik kart lub szyfrator) oraz mechanizm\u00f3w blokuj\u0105cych drzwi (np.&nbsp;elektro-zaczep lub zwora elektromagnetyczna).<\/p>\n<p><img loading=\"lazy\" decoding=\"async\" src=\"http:\/\/www.wpress.abw-serwis.pl\/wp-content\/uploads\/2010\/02\/k_akcesoria.jpg\" alt=\"\" title=\"\" width=\"220\" height=\"100\" class=\"aligncenter size-full wp-image-193\" \/><\/p>\n<p>Bardziej rozbudowane systemy <span  class=\"pogr\">KD (kontroli dost\u0119pu)<\/span> oparte o&nbsp;<span  class=\"pogr\">kontroler autonomiczny<\/span> (samowystarczalny) pozwalaj\u0105 na szczeg\u00f3\u0142ow\u0105 rejestracj\u0119 pracy urz\u0105dzenia. Mo\u017cna na przyk\u0142ad wpisywa\u0107 dane u\u017cytkownik\u00f3w, tworzy\u0107 grupy i&nbsp;przegl\u0105da\u0107 dzienniki zdarze\u0144.<\/p>\n<p><img loading=\"lazy\" decoding=\"async\" src=\"http:\/\/www.wpress.abw-serwis.pl\/wp-content\/uploads\/2010\/02\/sprzet_pom2.jpg\" alt=\"\" title=\"\" width=\"220\" height=\"100\" class=\"aligncenter size-full wp-image-195\" \/><\/p>\n<p>Najbardziej rozbudowanym systemem <span  class=\"pogr\">KD (kontroli dost\u0119pu)<\/span> jest system wykorzystuj\u0105cy kontrolery wraz z&nbsp;pod\u0142\u0105czonymi do niego r\u00f3\u017cnego rodzaju terminalami. Kontrolery takie mo\u017cna pod\u0142\u0105czy\u0107 bezpo\u015brednio do komputera w&nbsp;celu konfiguracji i&nbsp;obs\u0142ugi ca\u0142ego systemu lub wpi\u0105\u0107 do sieci LAN, aby <span  class=\"pogr\">zarz\u0105dza\u0107 systemem zdalnie<\/span>.<\/p>\n<p>Mo\u017cliwo\u015b\u0107 wpi\u0119cia systemu do sieci LAN daje ogromne mo\u017cliwo\u015bci. Dzi\u0119ki takiemu rozwi\u0105zaniu mo\u017cna budowa\u0107 <span  class=\"pogr\">rozleg\u0142e systemy kontroli dost\u0119pu<\/span>. Mo\u017cna np.&nbsp;po\u0142\u0105czy\u0107 w&nbsp;jeden system wiele budynk\u00f3w znajduj\u0105cych si\u0119 w&nbsp;wielu miastach i&nbsp;zarz\u0105dza\u0107 ca\u0142ym systemem z&nbsp;jednego miejsca!<\/p>\n","protected":false},"excerpt":{"rendered":"<p>Projektujemy i&nbsp;instalujemy systemy kontroli dost\u0119pu oraz systemy kontroli czasu pracy pracownik\u00f3w. Nasze us\u0142ugi kierujemy g\u0142\u00f3wnie do firm i&nbsp;instytucji, gdzie wymagana jest skuteczna kontrola pracownik\u00f3w oraz os\u00f3b przebywaj\u0105cych w&nbsp;budynku. Podstawowy system KD (kontroli dost\u0119pu) pozwalaj\u0105cy kontrolowa\u0107 jedno przej\u015bcie, sk\u0142ada si\u0119 z&nbsp;urz\u0105dzenia przyznaj\u0105cego lub odmawiaj\u0105cego dost\u0119p (np.&nbsp;czytnik kart lub szyfrator) oraz mechanizm\u00f3w blokuj\u0105cych drzwi (np.&nbsp;elektro-zaczep lub zwora [&hellip;]<\/p>\n","protected":false},"author":2,"featured_media":0,"parent":0,"menu_order":16,"comment_status":"open","ping_status":"open","template":"","meta":{"footnotes":""},"class_list":["post-23","page","type-page","status-publish","hentry"],"_links":{"self":[{"href":"http:\/\/www.abw-serwis.pl\/index.php?rest_route=\/wp\/v2\/pages\/23","targetHints":{"allow":["GET"]}}],"collection":[{"href":"http:\/\/www.abw-serwis.pl\/index.php?rest_route=\/wp\/v2\/pages"}],"about":[{"href":"http:\/\/www.abw-serwis.pl\/index.php?rest_route=\/wp\/v2\/types\/page"}],"author":[{"embeddable":true,"href":"http:\/\/www.abw-serwis.pl\/index.php?rest_route=\/wp\/v2\/users\/2"}],"replies":[{"embeddable":true,"href":"http:\/\/www.abw-serwis.pl\/index.php?rest_route=%2Fwp%2Fv2%2Fcomments&post=23"}],"version-history":[{"count":17,"href":"http:\/\/www.abw-serwis.pl\/index.php?rest_route=\/wp\/v2\/pages\/23\/revisions"}],"predecessor-version":[{"id":473,"href":"http:\/\/www.abw-serwis.pl\/index.php?rest_route=\/wp\/v2\/pages\/23\/revisions\/473"}],"wp:attachment":[{"href":"http:\/\/www.abw-serwis.pl\/index.php?rest_route=%2Fwp%2Fv2%2Fmedia&parent=23"}],"curies":[{"name":"wp","href":"https:\/\/api.w.org\/{rel}","templated":true}]}}