{"id":13,"date":"2010-02-12T07:57:18","date_gmt":"2010-02-12T07:57:18","guid":{"rendered":"http:\/\/www.wpress.abw-serwis.pl\/?page_id=13"},"modified":"2015-12-06T13:16:28","modified_gmt":"2015-12-06T12:16:28","slug":"domofony","status":"publish","type":"page","link":"http:\/\/www.abw-serwis.pl\/?page_id=13","title":{"rendered":"Domofony"},"content":{"rendered":"<p>Nasza firma zajmuje si\u0119 <span class=\"pogr\">monta\u017cem i\u00a0konserwacj\u0105 domofon\u00f3w, wideodomofon\u00f3w oraz bramofon\u00f3w<\/span>. Naszymi klientami s\u0105 zar\u00f3wno <span class=\"pogr\">klienci indywidualni, jak i\u00a0du\u017ce korporacje<\/span>.<\/p>\n<p>W ramach oferowanych produkt\u00f3w pracownicy naszej firmy przeprowadzaj\u0105 analiz\u0119 potrzeb Klienta, warunk\u00f3w w\u00a0jakich b\u0119dzie dany system wykorzystywany, a\u00a0nast\u0119pnie wykonuj\u0105 i\u00a0wdra\u017caj\u0105 optymalne rozwi\u0105zanie.<\/p>\n<p>Do wszystkich montowanych urz\u0105dze\u0144 jak wideodomofony, domofony, bramofony wykorzystujemy <span class=\"pogr\">najnowocze\u015bniejsze rozwi\u0105zania<\/span> techniczne i\u00a0technologiczne, na bie\u017c\u0105co aktualizuj\u0105c je zgodnie z nowymi wymaganiami. Wszystkie instalowane urz\u0105dzenia posiadaj\u0105 wymagane <span class=\"pogr\">certyfikaty i\u00a0atesty<\/span>.<\/p>\n<p>W swojej pracy wykorzystujemy urz\u0105dzenia renomowanej firmy\u00a0<span class=\"pogr\">COMMAX, ELFON, OPTIMA, LASKOMEX,\u00a0<\/span><span class=\"pogr\" style=\"line-height: 1.5;\">PRO-EL, CAME.<\/span><\/p>\n<p><img loading=\"lazy\" decoding=\"async\" class=\"aligncenter size-full wp-image-466\" title=\"\" src=\"http:\/\/www.wpress.abw-serwis.pl\/wp-content\/uploads\/2010\/02\/domofon2.jpg\" alt=\"\" width=\"236\" height=\"273\" \/><\/p>\n<h3>Zapraszamy do skorzystania z\u00a0naszych us\u0142ug.<\/h3>\n","protected":false},"excerpt":{"rendered":"<p>Nasza firma zajmuje si\u0119 monta\u017cem i\u00a0konserwacj\u0105 domofon\u00f3w, wideodomofon\u00f3w oraz bramofon\u00f3w. Naszymi klientami s\u0105 zar\u00f3wno klienci indywidualni, jak i\u00a0du\u017ce korporacje. W ramach oferowanych produkt\u00f3w pracownicy naszej firmy przeprowadzaj\u0105 analiz\u0119 potrzeb Klienta, warunk\u00f3w w\u00a0jakich b\u0119dzie dany system wykorzystywany, a\u00a0nast\u0119pnie wykonuj\u0105 i\u00a0wdra\u017caj\u0105 optymalne rozwi\u0105zanie. Do wszystkich montowanych urz\u0105dze\u0144 jak wideodomofony, domofony, bramofony wykorzystujemy najnowocze\u015bniejsze rozwi\u0105zania techniczne i\u00a0technologiczne, na [&hellip;]<\/p>\n","protected":false},"author":2,"featured_media":0,"parent":0,"menu_order":13,"comment_status":"open","ping_status":"open","template":"","meta":{"footnotes":""},"class_list":["post-13","page","type-page","status-publish","hentry"],"_links":{"self":[{"href":"http:\/\/www.abw-serwis.pl\/index.php?rest_route=\/wp\/v2\/pages\/13","targetHints":{"allow":["GET"]}}],"collection":[{"href":"http:\/\/www.abw-serwis.pl\/index.php?rest_route=\/wp\/v2\/pages"}],"about":[{"href":"http:\/\/www.abw-serwis.pl\/index.php?rest_route=\/wp\/v2\/types\/page"}],"author":[{"embeddable":true,"href":"http:\/\/www.abw-serwis.pl\/index.php?rest_route=\/wp\/v2\/users\/2"}],"replies":[{"embeddable":true,"href":"http:\/\/www.abw-serwis.pl\/index.php?rest_route=%2Fwp%2Fv2%2Fcomments&post=13"}],"version-history":[{"count":32,"href":"http:\/\/www.abw-serwis.pl\/index.php?rest_route=\/wp\/v2\/pages\/13\/revisions"}],"predecessor-version":[{"id":672,"href":"http:\/\/www.abw-serwis.pl\/index.php?rest_route=\/wp\/v2\/pages\/13\/revisions\/672"}],"wp:attachment":[{"href":"http:\/\/www.abw-serwis.pl\/index.php?rest_route=%2Fwp%2Fv2%2Fmedia&parent=13"}],"curies":[{"name":"wp","href":"https:\/\/api.w.org\/{rel}","templated":true}]}}